{"id":2,"date":"2015-05-11T12:06:14","date_gmt":"2015-05-11T12:06:14","guid":{"rendered":"http:\/\/http:\/\/brocanta.fr\/"},"modified":"2022-06-27T13:04:10","modified_gmt":"2022-06-27T13:04:10","slug":"sample-page","status":"publish","type":"page","link":"https:\/\/brocanta.fr\/","title":{"rendered":"Brocanta"},"content":{"rendered":"<p>Ma participation \u00e0 de\u00a0 nombreux salons d&rsquo;Antiquit\u00e9s- Brocante pendant plus d\u2019une vingtaine ann\u00e9es est un gage de professionnalisme.<br \/>\nSoyez les bienvenus sur brocanta, vous disposez principalement d\u2019objets anciens : lustres, verrerie, tableaux, objets de curiosit\u00e9 et de collection. Vous avez aussi des petits meubles et des fauteuils.<\/p>\n<p>Ce site est en partenariat avec l&rsquo;Antiquit\u00e9-Brocante Jo\u00ebl Lebouteiller, N\u00b0 SIREN 328804927 &#8211; La Minoti\u00e8re, 14380 Mesnil Clinchamps axe D524\u00a0 (Saint Sever Calvados).<\/p>\n<p>N\u2019h\u00e9sitez pas \u00e0 me consulter pour tout renseignement compl\u00e9mentaire, lorsque vous trouverez l\u2019objet que vous recherchez. Vous pouvez aussi me laisser un commentaire, si vous \u00eates int\u00e9ress\u00e9 par l&rsquo;un de mes objets.<br \/>\nA tr\u00e8s bient\u00f4t. Bonne visite.livraison Cocolis ou chronopost ou colissimo<\/p>\n<p>Contact :\u00a0 Email :\u00a0 isabellevibert777@gmail.com<br \/>\ntel : \u00a0 \u00a0 \u00a0\u00a0 06 12 08 48 47<\/p>\n<p>Je vous invite \u00e0 consulter les <a href=\"https:\/\/brocanta.fr\/?page_id=447\" data-wplink-edit=\"true\">conditions g\u00e9n\u00e9rales de vente.<\/a><\/p>\n","protected":false},"excerpt":{"rendered":"<p>Ma participation \u00e0 de\u00a0 nombreux salons d&rsquo;Antiquit\u00e9s- Brocante pendant plus d\u2019une vingtaine ann\u00e9es est un gage de professionnalisme. Soyez les bienvenus sur brocanta, vous disposez principalement d\u2019objets anciens : lustres, verrerie, tableaux, objets de curiosit\u00e9 et de collection. Vous avez aussi des petits meubles et des fauteuils. Ce site est en partenariat avec l&rsquo;Antiquit\u00e9-Brocante Jo\u00ebl &hellip; <a href=\"https:\/\/brocanta.fr\/\" class=\"more-link\">Continuer la lecture de <span class=\"screen-reader-text\">Brocanta<\/span> <span class=\"meta-nav\">&rarr;<\/span><\/a><\/p>\n","protected":false},"author":1,"featured_media":54,"parent":0,"menu_order":0,"comment_status":"open","ping_status":"open","template":"","meta":{"footnotes":""},"class_list":["post-2","page","type-page","status-publish","has-post-thumbnail","hentry"],"_links":{"self":[{"href":"https:\/\/brocanta.fr\/index.php?rest_route=\/wp\/v2\/pages\/2","targetHints":{"allow":["GET"]}}],"collection":[{"href":"https:\/\/brocanta.fr\/index.php?rest_route=\/wp\/v2\/pages"}],"about":[{"href":"https:\/\/brocanta.fr\/index.php?rest_route=\/wp\/v2\/types\/page"}],"author":[{"embeddable":true,"href":"https:\/\/brocanta.fr\/index.php?rest_route=\/wp\/v2\/users\/1"}],"replies":[{"embeddable":true,"href":"https:\/\/brocanta.fr\/index.php?rest_route=%2Fwp%2Fv2%2Fcomments&post=2"}],"version-history":[{"count":16,"href":"https:\/\/brocanta.fr\/index.php?rest_route=\/wp\/v2\/pages\/2\/revisions"}],"predecessor-version":[{"id":6419,"href":"https:\/\/brocanta.fr\/index.php?rest_route=\/wp\/v2\/pages\/2\/revisions\/6419"}],"wp:featuredmedia":[{"embeddable":true,"href":"https:\/\/brocanta.fr\/index.php?rest_route=\/wp\/v2\/media\/54"}],"wp:attachment":[{"href":"https:\/\/brocanta.fr\/index.php?rest_route=%2Fwp%2Fv2%2Fmedia&parent=2"}],"curies":[{"name":"wp","href":"https:\/\/api.w.org\/{rel}","templated":true}]}}