{"id":447,"date":"2015-08-07T13:31:43","date_gmt":"2015-08-07T13:31:43","guid":{"rendered":"http:\/\/brocanta.fr\/?page_id=447"},"modified":"2015-08-14T15:30:39","modified_gmt":"2015-08-14T15:30:39","slug":"conditions-generales","status":"publish","type":"page","link":"https:\/\/brocanta.fr\/?page_id=447","title":{"rendered":"Conditions g\u00e9n\u00e9rales de Vente"},"content":{"rendered":"<p><strong>Modalit\u00e9s de paiement<\/strong><\/p>\n<p>Le r\u00e8glement de votre commande s\u2019effectuera par ch\u00e8que, PayPal ou esp\u00e8ces.<\/p>\n<p>Le ch\u00e8que doit \u00eatre \u00e9mis en euro par une banque domicili\u00e9e en France m\u00e9tropolitaine. Les articles seront exp\u00e9di\u00e9s une fois le ch\u00e8que encaiss\u00e9. Le ch\u00e8que sera libell\u00e9 \u00e0 l\u2019ordre \u00ab\u00a0Isabelle Vibert\u00a0\u00bb, \u00e0 l&rsquo;adresse\u00a0: Le Grand Chemin Br\u00e9ville-sur-mer 50290.<\/p>\n<p>Le r\u00e8glement de tout article ayant pour r\u00e9f\u00e9rence \u00ab\u00a0JL\u00a0\u00bb sera \u00e0 libeller \u00e0 l&rsquo;ordre de Monsieur Jo\u00ebl Lebouteiller, \u00e0 l&rsquo;adresse La Minoti\u00e8re, 14380 Mesnil Clinchamps.<\/p>\n<p><strong>Modalit\u00e9s de livraison<\/strong><\/p>\n<p>Les frais de livraison ne sont pas compris dans le prix affich\u00e9 sur le site. L&rsquo;acheteur passe sa commande par mail \u00e0 l&rsquo;adresse suivante\u00a0: <a href=\"mailto:isabellevibert777@gmail\">isabellevibert777@gmail.com<\/a>, en pr\u00e9cisant l&rsquo;objet, sa r\u00e9f\u00e9rence ainsi que le prix indiqu\u00e9. Nous nous engageons \u00e0 vous donner une r\u00e9ponse sous 48 h.<\/p>\n<p>Vous avez le choix de venir chercher votre article au magasin sur la D524 \u00e0 Le Mesnil-Clinchamps (Saint Sever Calvados) 14380.<\/p>\n<p>Vous pouvez aussi \u00eatre livr\u00e9 \u00e0 l\u2019adresse de votre choix en sus, \u00e0 votre charge. La livraison des petits articles sera effectu\u00e9e par voie postale ou colissimo apr\u00e8s encaissement de votre paiement.<\/p>\n<p>Pour les articles plus encombrants nous vous proposons un forfait en accord avec vous, dans un d\u00e9lai de livraison de 3 \u00e0 4 semaines maximum.<\/p>\n<p>&nbsp;<\/p>\n<p>&nbsp;<\/p>\n","protected":false},"excerpt":{"rendered":"<p>Modalit\u00e9s de paiement Le r\u00e8glement de votre commande s\u2019effectuera par ch\u00e8que, PayPal ou esp\u00e8ces. Le ch\u00e8que doit \u00eatre \u00e9mis en euro par une banque domicili\u00e9e en France m\u00e9tropolitaine. Les articles seront exp\u00e9di\u00e9s une fois le ch\u00e8que encaiss\u00e9. Le ch\u00e8que sera libell\u00e9 \u00e0 l\u2019ordre \u00ab\u00a0Isabelle Vibert\u00a0\u00bb, \u00e0 l&rsquo;adresse\u00a0: Le Grand Chemin Br\u00e9ville-sur-mer 50290. Le r\u00e8glement de &hellip; <a href=\"https:\/\/brocanta.fr\/?page_id=447\" class=\"more-link\">Continuer la lecture de <span class=\"screen-reader-text\">Conditions g\u00e9n\u00e9rales de Vente<\/span> <span class=\"meta-nav\">&rarr;<\/span><\/a><\/p>\n","protected":false},"author":1,"featured_media":0,"parent":0,"menu_order":0,"comment_status":"closed","ping_status":"closed","template":"","meta":{"footnotes":""},"class_list":["post-447","page","type-page","status-publish","hentry"],"_links":{"self":[{"href":"https:\/\/brocanta.fr\/index.php?rest_route=\/wp\/v2\/pages\/447","targetHints":{"allow":["GET"]}}],"collection":[{"href":"https:\/\/brocanta.fr\/index.php?rest_route=\/wp\/v2\/pages"}],"about":[{"href":"https:\/\/brocanta.fr\/index.php?rest_route=\/wp\/v2\/types\/page"}],"author":[{"embeddable":true,"href":"https:\/\/brocanta.fr\/index.php?rest_route=\/wp\/v2\/users\/1"}],"replies":[{"embeddable":true,"href":"https:\/\/brocanta.fr\/index.php?rest_route=%2Fwp%2Fv2%2Fcomments&post=447"}],"version-history":[{"count":5,"href":"https:\/\/brocanta.fr\/index.php?rest_route=\/wp\/v2\/pages\/447\/revisions"}],"predecessor-version":[{"id":481,"href":"https:\/\/brocanta.fr\/index.php?rest_route=\/wp\/v2\/pages\/447\/revisions\/481"}],"wp:attachment":[{"href":"https:\/\/brocanta.fr\/index.php?rest_route=%2Fwp%2Fv2%2Fmedia&parent=447"}],"curies":[{"name":"wp","href":"https:\/\/api.w.org\/{rel}","templated":true}]}}